{"id":38188,"date":"2024-04-05T01:26:27","date_gmt":"2024-04-04T23:26:27","guid":{"rendered":"https:\/\/audiosanit.es\/?page_id=38188"},"modified":"2024-05-16T13:15:38","modified_gmt":"2024-05-16T11:15:38","slug":"new","status":"publish","type":"page","link":"https:\/\/audiosanit.es\/en\/new\/","title":{"rendered":"News"},"content":{"rendered":"\t\t<div data-elementor-type=\"wp-page\" data-elementor-id=\"38188\" class=\"elementor elementor-38188\" data-elementor-post-type=\"page\">\n\t\t\t\t<div class=\"elementor-element elementor-element-ddba57f e-flex e-con-boxed e-con e-parent\" data-id=\"ddba57f\" data-element_type=\"container\">\n\t\t\t\t\t<div class=\"e-con-inner\">\n\t\t\t\t<div class=\"elementor-element elementor-element-1fce2c0 elementor-widget elementor-widget-lte-blog\" data-id=\"1fce2c0\" data-element_type=\"widget\" data-widget_type=\"lte-blog.default\">\n\t\t\t\t<div class=\"elementor-widget-container\">\n\t\t\t\t\t<div class=\"blog lte-blog-sc row centered layout-posts\"><div class=\"items col-xl-3 col-lg-3 col-md-3 col-sm-4 col-ms-4 col-xs-12\"><\/div><div class=\"items col-xl-3 col-lg-3 col-md-3 col-sm-4 col-ms-4 col-xs-12\"><\/div><div class=\"items col-xl-3 col-lg-3 col-md-3 col-sm-4 col-ms-4 col-xs-12\"><\/div><div class=\"items col-xl-3 col-lg-3 col-md-3 col-sm-4 col-ms-4 col-xs-12\"><\/div><div class=\"items col-xl-3 col-lg-3 col-md-3 col-sm-4 col-ms-4 col-xs-12\"><\/div><div class=\"items col-xl-3 col-lg-3 col-md-3 col-sm-4 col-ms-4 col-xs-12\"><\/div><div class=\"items col-xl-3 col-lg-3 col-md-3 col-sm-4 col-ms-4 col-xs-12\"><\/div><\/div><div class=\"clearfix\"><\/div>\t\t\t\t<\/div>\n\t\t\t\t<\/div>\n\t\t<div class=\"elementor-element elementor-element-5478e0f e-flex e-con-boxed e-con e-child\" data-id=\"5478e0f\" data-element_type=\"container\">\n\t\t\t\t\t<div class=\"e-con-inner\">\n\t\t\t\t<div class=\"elementor-element elementor-element-a89317f elementor-grid-3 elementor-grid-tablet-2 elementor-grid-mobile-1 elementor-posts--thumbnail-top elementor-card-shadow-yes elementor-posts__hover-gradient elementor-widget elementor-widget-posts\" data-id=\"a89317f\" data-element_type=\"widget\" data-settings=\"{&quot;cards_masonry&quot;:&quot;yes&quot;,&quot;cards_columns&quot;:&quot;3&quot;,&quot;cards_columns_tablet&quot;:&quot;2&quot;,&quot;cards_columns_mobile&quot;:&quot;1&quot;,&quot;cards_row_gap&quot;:{&quot;unit&quot;:&quot;px&quot;,&quot;size&quot;:35,&quot;sizes&quot;:[]},&quot;cards_row_gap_widescreen&quot;:{&quot;unit&quot;:&quot;px&quot;,&quot;size&quot;:&quot;&quot;,&quot;sizes&quot;:[]},&quot;cards_row_gap_laptop&quot;:{&quot;unit&quot;:&quot;px&quot;,&quot;size&quot;:&quot;&quot;,&quot;sizes&quot;:[]},&quot;cards_row_gap_tablet_extra&quot;:{&quot;unit&quot;:&quot;px&quot;,&quot;size&quot;:&quot;&quot;,&quot;sizes&quot;:[]},&quot;cards_row_gap_tablet&quot;:{&quot;unit&quot;:&quot;px&quot;,&quot;size&quot;:&quot;&quot;,&quot;sizes&quot;:[]},&quot;cards_row_gap_mobile_extra&quot;:{&quot;unit&quot;:&quot;px&quot;,&quot;size&quot;:&quot;&quot;,&quot;sizes&quot;:[]},&quot;cards_row_gap_mobile&quot;:{&quot;unit&quot;:&quot;px&quot;,&quot;size&quot;:&quot;&quot;,&quot;sizes&quot;:[]}}\" data-widget_type=\"posts.cards\">\n\t\t\t\t<div class=\"elementor-widget-container\">\n\t\t\t\t\t\t\t<div class=\"elementor-posts-container elementor-posts elementor-posts--skin-cards elementor-grid\">\n\t\t\t\t<article class=\"elementor-post elementor-grid-item post-38614 post type-post status-publish format-standard has-post-thumbnail hentry\">\n\t\t\t<div class=\"elementor-post__card\">\n\t\t\t\t<a class=\"elementor-post__thumbnail__link\" href=\"https:\/\/audiosanit.es\/en\/ear-candles-do-they-really-work\/\" tabindex=\"-1\" ><div class=\"elementor-post__thumbnail\"><img fetchpriority=\"high\" decoding=\"async\" width=\"300\" height=\"271\" src=\"https:\/\/audiosanit.es\/wp-content\/uploads\/2024\/08\/Limpieza-de-oido-con-vela.png\" class=\"attachment-full size-full wp-image-38631\" alt=\"\" srcset=\"https:\/\/audiosanit.es\/wp-content\/uploads\/2024\/08\/Limpieza-de-oido-con-vela.png 300w, https:\/\/audiosanit.es\/wp-content\/uploads\/2024\/08\/Limpieza-de-oido-con-vela-100x90.png 100w\" sizes=\"(max-width: 300px) 100vw, 300px\" \/><\/div><\/a>\n\t\t\t\t<div class=\"elementor-post__text\">\n\t\t\t\t<h3 class=\"elementor-post__title\">\n\t\t\t<a href=\"https:\/\/audiosanit.es\/en\/ear-candles-do-they-really-work\/\" >\n\t\t\t\tEar Candles: Do They Really Work?\t\t\t<\/a>\n\t\t<\/h3>\n\t\t\t\t<div class=\"elementor-post__excerpt\">\n\t\t\t<p>Earwax is crucial for keeping our ears healthy. It is a mixture of oily secretions, dead skin cells, and dust that helps protect the ears from dirt, bacteria, and infections.<\/p>\n\t\t<\/div>\n\t\t\n\t\t<a class=\"elementor-post__read-more\" href=\"https:\/\/audiosanit.es\/en\/ear-candles-do-they-really-work\/\" aria-label=\"Read more about Ear Candles: Do They Really Work?\" tabindex=\"-1\" >\n\t\t\tRead More \u00bb\t\t<\/a>\n\n\t\t\t\t<\/div>\n\t\t\t\t<div class=\"elementor-post__meta-data\">\n\t\t\t\t\t<span class=\"elementor-post-date\">\n\t\t\t28 de August de 2024\t\t<\/span>\n\t\t\t\t<\/div>\n\t\t\t\t\t<\/div>\n\t\t<\/article>\n\t\t\t\t<article class=\"elementor-post elementor-grid-item post-38510 post type-post status-publish format-standard has-post-thumbnail hentry category-sin-categorizar\">\n\t\t\t<div class=\"elementor-post__card\">\n\t\t\t\t<a class=\"elementor-post__thumbnail__link\" href=\"https:\/\/audiosanit.es\/en\/what-are-real-ear-measurements-rem\/\" tabindex=\"-1\" ><div class=\"elementor-post__thumbnail\"><img decoding=\"async\" width=\"800\" height=\"450\" src=\"https:\/\/audiosanit.es\/wp-content\/uploads\/2024\/07\/Aurical-Freefit_patient_spot.webp\" class=\"attachment-full size-full wp-image-38513\" alt=\"\" srcset=\"https:\/\/audiosanit.es\/wp-content\/uploads\/2024\/07\/Aurical-Freefit_patient_spot.webp 800w, https:\/\/audiosanit.es\/wp-content\/uploads\/2024\/07\/Aurical-Freefit_patient_spot-300x169.webp 300w, https:\/\/audiosanit.es\/wp-content\/uploads\/2024\/07\/Aurical-Freefit_patient_spot-768x432.webp 768w, https:\/\/audiosanit.es\/wp-content\/uploads\/2024\/07\/Aurical-Freefit_patient_spot-100x56.webp 100w\" sizes=\"(max-width: 800px) 100vw, 800px\" \/><\/div><\/a>\n\t\t\t\t<div class=\"elementor-post__text\">\n\t\t\t\t<h3 class=\"elementor-post__title\">\n\t\t\t<a href=\"https:\/\/audiosanit.es\/en\/what-are-real-ear-measurements-rem\/\" >\n\t\t\t\tWhat are Real Ear Measurements (REM)?\t\t\t<\/a>\n\t\t<\/h3>\n\t\t\t\t<div class=\"elementor-post__excerpt\">\n\t\t\t<p>Real Ear Measurements (REM) are a verification of hearing aids to ensure they are correctly programmed according to the user&#8217;s hearing loss and ear canal characteristics. This is important because<\/p>\n\t\t<\/div>\n\t\t\n\t\t<a class=\"elementor-post__read-more\" href=\"https:\/\/audiosanit.es\/en\/what-are-real-ear-measurements-rem\/\" aria-label=\"Read more about What are Real Ear Measurements (REM)?\" tabindex=\"-1\" >\n\t\t\tRead More \u00bb\t\t<\/a>\n\n\t\t\t\t<\/div>\n\t\t\t\t<div class=\"elementor-post__meta-data\">\n\t\t\t\t\t<span class=\"elementor-post-date\">\n\t\t\t19 de July de 2024\t\t<\/span>\n\t\t\t\t<\/div>\n\t\t\t\t\t<\/div>\n\t\t<\/article>\n\t\t\t\t<article class=\"elementor-post elementor-grid-item post-38411 post type-post status-publish format-standard has-post-thumbnail hentry\">\n\t\t\t<div class=\"elementor-post__card\">\n\t\t\t\t<a class=\"elementor-post__thumbnail__link\" href=\"https:\/\/audiosanit.es\/en\/what-is-presbycusis\/\" tabindex=\"-1\" ><div class=\"elementor-post__thumbnail\"><img decoding=\"async\" width=\"1900\" height=\"804\" src=\"https:\/\/audiosanit.es\/wp-content\/uploads\/2024\/05\/perdida_auditiva_presbiacusia-e1715855857669.jpg\" class=\"attachment-full size-full wp-image-38413\" alt=\"\" srcset=\"https:\/\/audiosanit.es\/wp-content\/uploads\/2024\/05\/perdida_auditiva_presbiacusia-e1715855857669.jpg 1900w, https:\/\/audiosanit.es\/wp-content\/uploads\/2024\/05\/perdida_auditiva_presbiacusia-e1715855857669-300x127.jpg 300w, https:\/\/audiosanit.es\/wp-content\/uploads\/2024\/05\/perdida_auditiva_presbiacusia-e1715855857669-1024x433.jpg 1024w, https:\/\/audiosanit.es\/wp-content\/uploads\/2024\/05\/perdida_auditiva_presbiacusia-e1715855857669-768x325.jpg 768w, https:\/\/audiosanit.es\/wp-content\/uploads\/2024\/05\/perdida_auditiva_presbiacusia-e1715855857669-1536x650.jpg 1536w, https:\/\/audiosanit.es\/wp-content\/uploads\/2024\/05\/perdida_auditiva_presbiacusia-e1715855857669-100x42.jpg 100w, https:\/\/audiosanit.es\/wp-content\/uploads\/2024\/05\/perdida_auditiva_presbiacusia-e1715855857669-1250x529.jpg 1250w\" sizes=\"(max-width: 1900px) 100vw, 1900px\" \/><\/div><\/a>\n\t\t\t\t<div class=\"elementor-post__text\">\n\t\t\t\t<h3 class=\"elementor-post__title\">\n\t\t\t<a href=\"https:\/\/audiosanit.es\/en\/what-is-presbycusis\/\" >\n\t\t\t\tWhat is Presbycusis?\t\t\t<\/a>\n\t\t<\/h3>\n\t\t\t\t<div class=\"elementor-post__excerpt\">\n\t\t\t<p>Age-related hearing loss, or presbycusis, is common among older adults and affects millions worldwide. Within the adult population experiencing hearing loss, over 30% are aged 65 or older. 92% of<\/p>\n\t\t<\/div>\n\t\t\n\t\t<a class=\"elementor-post__read-more\" href=\"https:\/\/audiosanit.es\/en\/what-is-presbycusis\/\" aria-label=\"Read more about What is Presbycusis?\" tabindex=\"-1\" >\n\t\t\tRead More \u00bb\t\t<\/a>\n\n\t\t\t\t<\/div>\n\t\t\t\t<div class=\"elementor-post__meta-data\">\n\t\t\t\t\t<span class=\"elementor-post-date\">\n\t\t\t16 de May de 2024\t\t<\/span>\n\t\t\t\t<\/div>\n\t\t\t\t\t<\/div>\n\t\t<\/article>\n\t\t\t\t<article class=\"elementor-post elementor-grid-item post-38343 post type-post status-publish format-standard has-post-thumbnail hentry category-novedades\">\n\t\t\t<div class=\"elementor-post__card\">\n\t\t\t\t<a class=\"elementor-post__thumbnail__link\" href=\"https:\/\/audiosanit.es\/en\/hearing-and-falls\/\" tabindex=\"-1\" ><div class=\"elementor-post__thumbnail\"><img loading=\"lazy\" decoding=\"async\" width=\"2048\" height=\"677\" src=\"https:\/\/audiosanit.es\/wp-content\/uploads\/2024\/04\/perdida_auditiva_caidas-scaled.jpg\" class=\"attachment-full size-full wp-image-38338\" alt=\"\" srcset=\"https:\/\/audiosanit.es\/wp-content\/uploads\/2024\/04\/perdida_auditiva_caidas-scaled.jpg 2048w, https:\/\/audiosanit.es\/wp-content\/uploads\/2024\/04\/perdida_auditiva_caidas-300x99.jpg 300w, https:\/\/audiosanit.es\/wp-content\/uploads\/2024\/04\/perdida_auditiva_caidas-1024x338.jpg 1024w, https:\/\/audiosanit.es\/wp-content\/uploads\/2024\/04\/perdida_auditiva_caidas-768x254.jpg 768w, https:\/\/audiosanit.es\/wp-content\/uploads\/2024\/04\/perdida_auditiva_caidas-1536x507.jpg 1536w, https:\/\/audiosanit.es\/wp-content\/uploads\/2024\/04\/perdida_auditiva_caidas-100x33.jpg 100w, https:\/\/audiosanit.es\/wp-content\/uploads\/2024\/04\/perdida_auditiva_caidas-1250x413.jpg 1250w\" sizes=\"(max-width: 2048px) 100vw, 2048px\" \/><\/div><\/a>\n\t\t\t\t<div class=\"elementor-post__text\">\n\t\t\t\t<h3 class=\"elementor-post__title\">\n\t\t\t<a href=\"https:\/\/audiosanit.es\/en\/hearing-and-falls\/\" >\n\t\t\t\tHearing and falls\t\t\t<\/a>\n\t\t<\/h3>\n\t\t\t\t<div class=\"elementor-post__excerpt\">\n\t\t\t<p>According to a recent article published in the largest medical library in the United States, the National Library of Medicine (BMC Public Health, 2024 Mar 7), data was collected from<\/p>\n\t\t<\/div>\n\t\t\n\t\t<a class=\"elementor-post__read-more\" href=\"https:\/\/audiosanit.es\/en\/hearing-and-falls\/\" aria-label=\"Read more about Hearing and falls\" tabindex=\"-1\" >\n\t\t\tRead More \u00bb\t\t<\/a>\n\n\t\t\t\t<\/div>\n\t\t\t\t<div class=\"elementor-post__meta-data\">\n\t\t\t\t\t<span class=\"elementor-post-date\">\n\t\t\t29 de April de 2024\t\t<\/span>\n\t\t\t\t<\/div>\n\t\t\t\t\t<\/div>\n\t\t<\/article>\n\t\t\t\t<article class=\"elementor-post elementor-grid-item post-38330 post type-post status-publish format-standard has-post-thumbnail hentry category-consejos-practicos\">\n\t\t\t<div class=\"elementor-post__card\">\n\t\t\t\t<a class=\"elementor-post__thumbnail__link\" href=\"https:\/\/audiosanit.es\/en\/advantages-of-regularly-evaluating-your-hearing\/\" tabindex=\"-1\" ><div class=\"elementor-post__thumbnail\"><img loading=\"lazy\" decoding=\"async\" width=\"1900\" height=\"1267\" src=\"https:\/\/audiosanit.es\/wp-content\/uploads\/2024\/04\/examen-audicion-revisando-oido-mujer-usando-otoscopio-clinica-auditiva.jpg\" class=\"attachment-full size-full wp-image-38329\" alt=\"\" srcset=\"https:\/\/audiosanit.es\/wp-content\/uploads\/2024\/04\/examen-audicion-revisando-oido-mujer-usando-otoscopio-clinica-auditiva.jpg 1900w, https:\/\/audiosanit.es\/wp-content\/uploads\/2024\/04\/examen-audicion-revisando-oido-mujer-usando-otoscopio-clinica-auditiva-300x200.jpg 300w, https:\/\/audiosanit.es\/wp-content\/uploads\/2024\/04\/examen-audicion-revisando-oido-mujer-usando-otoscopio-clinica-auditiva-1024x683.jpg 1024w, https:\/\/audiosanit.es\/wp-content\/uploads\/2024\/04\/examen-audicion-revisando-oido-mujer-usando-otoscopio-clinica-auditiva-768x512.jpg 768w, https:\/\/audiosanit.es\/wp-content\/uploads\/2024\/04\/examen-audicion-revisando-oido-mujer-usando-otoscopio-clinica-auditiva-1536x1024.jpg 1536w, https:\/\/audiosanit.es\/wp-content\/uploads\/2024\/04\/examen-audicion-revisando-oido-mujer-usando-otoscopio-clinica-auditiva-100x67.jpg 100w, https:\/\/audiosanit.es\/wp-content\/uploads\/2024\/04\/examen-audicion-revisando-oido-mujer-usando-otoscopio-clinica-auditiva-1250x834.jpg 1250w\" sizes=\"(max-width: 1900px) 100vw, 1900px\" \/><\/div><\/a>\n\t\t\t\t<div class=\"elementor-post__text\">\n\t\t\t\t<h3 class=\"elementor-post__title\">\n\t\t\t<a href=\"https:\/\/audiosanit.es\/en\/advantages-of-regularly-evaluating-your-hearing\/\" >\n\t\t\t\tAdvantages of evaluating your hearing\t\t\t<\/a>\n\t\t<\/h3>\n\t\t\t\t<div class=\"elementor-post__excerpt\">\n\t\t\t<p>Even when you believe you have good hearing, it&#8217;s essential to undergo an annual hearing assessment starting at age 55. It&#8217;s common not to be aware of subtle hearing problems<\/p>\n\t\t<\/div>\n\t\t\n\t\t<a class=\"elementor-post__read-more\" href=\"https:\/\/audiosanit.es\/en\/advantages-of-regularly-evaluating-your-hearing\/\" aria-label=\"Read more about Advantages of evaluating your hearing\" tabindex=\"-1\" >\n\t\t\tRead More \u00bb\t\t<\/a>\n\n\t\t\t\t<\/div>\n\t\t\t\t<div class=\"elementor-post__meta-data\">\n\t\t\t\t\t<span class=\"elementor-post-date\">\n\t\t\t23 de April de 2024\t\t<\/span>\n\t\t\t\t<\/div>\n\t\t\t\t\t<\/div>\n\t\t<\/article>\n\t\t\t\t<article class=\"elementor-post elementor-grid-item post-38316 post type-post status-publish format-standard has-post-thumbnail hentry\">\n\t\t\t<div class=\"elementor-post__card\">\n\t\t\t\t<a class=\"elementor-post__thumbnail__link\" href=\"https:\/\/audiosanit.es\/en\/what-can-i-do-when-i-wear-hearing-aids-for-the-first-time\/\" tabindex=\"-1\" ><div class=\"elementor-post__thumbnail\"><img loading=\"lazy\" decoding=\"async\" width=\"1600\" height=\"1143\" src=\"https:\/\/audiosanit.es\/wp-content\/uploads\/2024\/04\/AUDIOSANIT_AUDIFONOS_CONSEJOS_UTILES.jpg\" class=\"attachment-full size-full wp-image-38309\" alt=\"\" srcset=\"https:\/\/audiosanit.es\/wp-content\/uploads\/2024\/04\/AUDIOSANIT_AUDIFONOS_CONSEJOS_UTILES.jpg 1600w, https:\/\/audiosanit.es\/wp-content\/uploads\/2024\/04\/AUDIOSANIT_AUDIFONOS_CONSEJOS_UTILES-300x214.jpg 300w, https:\/\/audiosanit.es\/wp-content\/uploads\/2024\/04\/AUDIOSANIT_AUDIFONOS_CONSEJOS_UTILES-1024x732.jpg 1024w, https:\/\/audiosanit.es\/wp-content\/uploads\/2024\/04\/AUDIOSANIT_AUDIFONOS_CONSEJOS_UTILES-768x549.jpg 768w, https:\/\/audiosanit.es\/wp-content\/uploads\/2024\/04\/AUDIOSANIT_AUDIFONOS_CONSEJOS_UTILES-1536x1097.jpg 1536w, https:\/\/audiosanit.es\/wp-content\/uploads\/2024\/04\/AUDIOSANIT_AUDIFONOS_CONSEJOS_UTILES-110x80.jpg 110w, https:\/\/audiosanit.es\/wp-content\/uploads\/2024\/04\/AUDIOSANIT_AUDIFONOS_CONSEJOS_UTILES-100x71.jpg 100w, https:\/\/audiosanit.es\/wp-content\/uploads\/2024\/04\/AUDIOSANIT_AUDIFONOS_CONSEJOS_UTILES-1250x893.jpg 1250w\" sizes=\"(max-width: 1600px) 100vw, 1600px\" \/><\/div><\/a>\n\t\t\t\t<div class=\"elementor-post__text\">\n\t\t\t\t<h3 class=\"elementor-post__title\">\n\t\t\t<a href=\"https:\/\/audiosanit.es\/en\/what-can-i-do-when-i-wear-hearing-aids-for-the-first-time\/\" >\n\t\t\t\tWhat can I do when I wear hearing aids for the first time?\t\t\t<\/a>\n\t\t<\/h3>\n\t\t\t\t<div class=\"elementor-post__excerpt\">\n\t\t\t<p>When you wear hearing aids for the first time it is normal that it takes a little time to get used to them. Remember that it is a gradual process<\/p>\n\t\t<\/div>\n\t\t\n\t\t<a class=\"elementor-post__read-more\" href=\"https:\/\/audiosanit.es\/en\/what-can-i-do-when-i-wear-hearing-aids-for-the-first-time\/\" aria-label=\"Read more about What can I do when I wear hearing aids for the first time?\" tabindex=\"-1\" >\n\t\t\tRead More \u00bb\t\t<\/a>\n\n\t\t\t\t<\/div>\n\t\t\t\t<div class=\"elementor-post__meta-data\">\n\t\t\t\t\t<span class=\"elementor-post-date\">\n\t\t\t18 de April de 2024\t\t<\/span>\n\t\t\t\t<\/div>\n\t\t\t\t\t<\/div>\n\t\t<\/article>\n\t\t\t\t<\/div>\n\t\t\n\t\t\t\t\t\t<\/div>\n\t\t\t\t<\/div>\n\t\t\t\t\t<\/div>\n\t\t\t\t<\/div>\n\t\t\t\t\t<\/div>\n\t\t\t\t<\/div>\n\t\t\t\t<\/div>\n\t\t","protected":false},"excerpt":{"rendered":"","protected":false},"author":3,"featured_media":37536,"parent":0,"menu_order":0,"comment_status":"closed","ping_status":"closed","template":"","meta":{"_joinchat":[],"footnotes":""},"class_list":["post-38188","page","type-page","status-publish","has-post-thumbnail","hentry"],"yoast_head":"<!-- This site is optimized with the Yoast SEO Premium plugin v26.5 (Yoast SEO v26.5) - https:\/\/yoast.com\/wordpress\/plugins\/seo\/ -->\n<title>News - Audiosanit Manilva<\/title>\n<meta name=\"robots\" content=\"index, follow, max-snippet:-1, max-image-preview:large, max-video-preview:-1\" \/>\n<link rel=\"canonical\" href=\"https:\/\/audiosanit.es\/en\/new\/\" \/>\n<meta property=\"og:locale\" content=\"en_US\" \/>\n<meta property=\"og:type\" content=\"article\" \/>\n<meta property=\"og:title\" content=\"News\" \/>\n<meta property=\"og:url\" content=\"https:\/\/audiosanit.es\/en\/new\/\" \/>\n<meta property=\"og:site_name\" content=\"Audiosanit Manilva\" \/>\n<meta property=\"article:publisher\" content=\"https:\/\/www.facebook.com\/profile.php?id=100091247360820\" \/>\n<meta property=\"article:modified_time\" content=\"2024-05-16T11:15:38+00:00\" \/>\n<meta property=\"og:image\" content=\"https:\/\/audiosanit.es\/wp-content\/uploads\/2023\/12\/AUDIOSANIT-RECEPCION-SONOTONE-MANILVA.jpg\" \/>\n\t<meta property=\"og:image:width\" content=\"1620\" \/>\n\t<meta property=\"og:image:height\" content=\"1080\" \/>\n\t<meta property=\"og:image:type\" content=\"image\/jpeg\" \/>\n<meta name=\"twitter:card\" content=\"summary_large_image\" \/>\n<meta name=\"twitter:label1\" content=\"Est. reading time\" \/>\n\t<meta name=\"twitter:data1\" content=\"4 minutes\" \/>\n<script type=\"application\/ld+json\" class=\"yoast-schema-graph\">{\"@context\":\"https:\/\/schema.org\",\"@graph\":[{\"@type\":\"WebPage\",\"@id\":\"https:\/\/audiosanit.es\/en\/new\/\",\"url\":\"https:\/\/audiosanit.es\/en\/new\/\",\"name\":\"News - Audiosanit Manilva\",\"isPartOf\":{\"@id\":\"https:\/\/audiosanit.es\/en\/#website\"},\"primaryImageOfPage\":{\"@id\":\"https:\/\/audiosanit.es\/en\/new\/#primaryimage\"},\"image\":{\"@id\":\"https:\/\/audiosanit.es\/en\/new\/#primaryimage\"},\"thumbnailUrl\":\"https:\/\/audiosanit.es\/wp-content\/uploads\/2023\/12\/AUDIOSANIT-RECEPCION-SONOTONE-MANILVA.jpg\",\"datePublished\":\"2024-04-04T23:26:27+00:00\",\"dateModified\":\"2024-05-16T11:15:38+00:00\",\"breadcrumb\":{\"@id\":\"https:\/\/audiosanit.es\/en\/new\/#breadcrumb\"},\"inLanguage\":\"en-US\",\"potentialAction\":[{\"@type\":\"ReadAction\",\"target\":[\"https:\/\/audiosanit.es\/en\/new\/\"]}]},{\"@type\":\"ImageObject\",\"inLanguage\":\"en-US\",\"@id\":\"https:\/\/audiosanit.es\/en\/new\/#primaryimage\",\"url\":\"https:\/\/audiosanit.es\/wp-content\/uploads\/2023\/12\/AUDIOSANIT-RECEPCION-SONOTONE-MANILVA.jpg\",\"contentUrl\":\"https:\/\/audiosanit.es\/wp-content\/uploads\/2023\/12\/AUDIOSANIT-RECEPCION-SONOTONE-MANILVA.jpg\",\"width\":1620,\"height\":1080,\"caption\":\"estudio auditivo en Manilva\"},{\"@type\":\"BreadcrumbList\",\"@id\":\"https:\/\/audiosanit.es\/en\/new\/#breadcrumb\",\"itemListElement\":[{\"@type\":\"ListItem\",\"position\":1,\"name\":\"Portada\",\"item\":\"https:\/\/audiosanit.es\/en\/\"},{\"@type\":\"ListItem\",\"position\":2,\"name\":\"News\"}]},{\"@type\":\"WebSite\",\"@id\":\"https:\/\/audiosanit.es\/en\/#website\",\"url\":\"https:\/\/audiosanit.es\/en\/\",\"name\":\"Audiosanit | Su centro auditivo en Manilva\",\"description\":\"Centro Auditivo en Manilva\",\"publisher\":{\"@id\":\"https:\/\/audiosanit.es\/en\/#organization\"},\"alternateName\":\"Audiosanit\",\"potentialAction\":[{\"@type\":\"SearchAction\",\"target\":{\"@type\":\"EntryPoint\",\"urlTemplate\":\"https:\/\/audiosanit.es\/en\/?s={search_term_string}\"},\"query-input\":{\"@type\":\"PropertyValueSpecification\",\"valueRequired\":true,\"valueName\":\"search_term_string\"}}],\"inLanguage\":\"en-US\"},{\"@type\":\"Organization\",\"@id\":\"https:\/\/audiosanit.es\/en\/#organization\",\"name\":\"Audiosanit\",\"alternateName\":\"Centro auditivo en Manilva\",\"url\":\"https:\/\/audiosanit.es\/en\/\",\"logo\":{\"@type\":\"ImageObject\",\"inLanguage\":\"en-US\",\"@id\":\"https:\/\/audiosanit.es\/en\/#\/schema\/logo\/image\/\",\"url\":\"https:\/\/audiosanit.es\/wp-content\/uploads\/2023\/08\/logotipo-audiosanit-color.jpg\",\"contentUrl\":\"https:\/\/audiosanit.es\/wp-content\/uploads\/2023\/08\/logotipo-audiosanit-color.jpg\",\"width\":2048,\"height\":1048,\"caption\":\"Audiosanit\"},\"image\":{\"@id\":\"https:\/\/audiosanit.es\/en\/#\/schema\/logo\/image\/\"},\"sameAs\":[\"https:\/\/www.facebook.com\/profile.php?id=100091247360820\",\"https:\/\/www.instagram.com\/audiosanit\/\"],\"description\":\"En Audisanit, sabemos lo importante que es o\u00edr. Por eso, nos ocupamos de tu audici\u00f3n para que t\u00fa no tengas que preocuparte. Te ofrecemos la oportunidad de realizar una revisi\u00f3n auditiva gratuita una vez al a\u00f1o con nuestro equipo especializado.\",\"legalName\":\"Natanael Est\u00e9vez Fern\u00e1ndez\",\"numberOfEmployees\":{\"@type\":\"QuantitativeValue\",\"minValue\":\"1\",\"maxValue\":\"10\"}}]}<\/script>\n<!-- \/ Yoast SEO Premium plugin. -->","yoast_head_json":{"title":"News - Audiosanit Manilva","robots":{"index":"index","follow":"follow","max-snippet":"max-snippet:-1","max-image-preview":"max-image-preview:large","max-video-preview":"max-video-preview:-1"},"canonical":"https:\/\/audiosanit.es\/en\/new\/","og_locale":"en_US","og_type":"article","og_title":"News","og_url":"https:\/\/audiosanit.es\/en\/new\/","og_site_name":"Audiosanit Manilva","article_publisher":"https:\/\/www.facebook.com\/profile.php?id=100091247360820","article_modified_time":"2024-05-16T11:15:38+00:00","og_image":[{"width":1620,"height":1080,"url":"https:\/\/audiosanit.es\/wp-content\/uploads\/2023\/12\/AUDIOSANIT-RECEPCION-SONOTONE-MANILVA.jpg","type":"image\/jpeg"}],"twitter_card":"summary_large_image","twitter_misc":{"Est. reading time":"4 minutes"},"schema":{"@context":"https:\/\/schema.org","@graph":[{"@type":"WebPage","@id":"https:\/\/audiosanit.es\/en\/new\/","url":"https:\/\/audiosanit.es\/en\/new\/","name":"News - Audiosanit Manilva","isPartOf":{"@id":"https:\/\/audiosanit.es\/en\/#website"},"primaryImageOfPage":{"@id":"https:\/\/audiosanit.es\/en\/new\/#primaryimage"},"image":{"@id":"https:\/\/audiosanit.es\/en\/new\/#primaryimage"},"thumbnailUrl":"https:\/\/audiosanit.es\/wp-content\/uploads\/2023\/12\/AUDIOSANIT-RECEPCION-SONOTONE-MANILVA.jpg","datePublished":"2024-04-04T23:26:27+00:00","dateModified":"2024-05-16T11:15:38+00:00","breadcrumb":{"@id":"https:\/\/audiosanit.es\/en\/new\/#breadcrumb"},"inLanguage":"en-US","potentialAction":[{"@type":"ReadAction","target":["https:\/\/audiosanit.es\/en\/new\/"]}]},{"@type":"ImageObject","inLanguage":"en-US","@id":"https:\/\/audiosanit.es\/en\/new\/#primaryimage","url":"https:\/\/audiosanit.es\/wp-content\/uploads\/2023\/12\/AUDIOSANIT-RECEPCION-SONOTONE-MANILVA.jpg","contentUrl":"https:\/\/audiosanit.es\/wp-content\/uploads\/2023\/12\/AUDIOSANIT-RECEPCION-SONOTONE-MANILVA.jpg","width":1620,"height":1080,"caption":"estudio auditivo en Manilva"},{"@type":"BreadcrumbList","@id":"https:\/\/audiosanit.es\/en\/new\/#breadcrumb","itemListElement":[{"@type":"ListItem","position":1,"name":"Portada","item":"https:\/\/audiosanit.es\/en\/"},{"@type":"ListItem","position":2,"name":"News"}]},{"@type":"WebSite","@id":"https:\/\/audiosanit.es\/en\/#website","url":"https:\/\/audiosanit.es\/en\/","name":"Audiosanit | Su centro auditivo en Manilva","description":"Centro Auditivo en Manilva","publisher":{"@id":"https:\/\/audiosanit.es\/en\/#organization"},"alternateName":"Audiosanit","potentialAction":[{"@type":"SearchAction","target":{"@type":"EntryPoint","urlTemplate":"https:\/\/audiosanit.es\/en\/?s={search_term_string}"},"query-input":{"@type":"PropertyValueSpecification","valueRequired":true,"valueName":"search_term_string"}}],"inLanguage":"en-US"},{"@type":"Organization","@id":"https:\/\/audiosanit.es\/en\/#organization","name":"Audiosanit","alternateName":"Centro auditivo en Manilva","url":"https:\/\/audiosanit.es\/en\/","logo":{"@type":"ImageObject","inLanguage":"en-US","@id":"https:\/\/audiosanit.es\/en\/#\/schema\/logo\/image\/","url":"https:\/\/audiosanit.es\/wp-content\/uploads\/2023\/08\/logotipo-audiosanit-color.jpg","contentUrl":"https:\/\/audiosanit.es\/wp-content\/uploads\/2023\/08\/logotipo-audiosanit-color.jpg","width":2048,"height":1048,"caption":"Audiosanit"},"image":{"@id":"https:\/\/audiosanit.es\/en\/#\/schema\/logo\/image\/"},"sameAs":["https:\/\/www.facebook.com\/profile.php?id=100091247360820","https:\/\/www.instagram.com\/audiosanit\/"],"description":"En Audisanit, sabemos lo importante que es o\u00edr. Por eso, nos ocupamos de tu audici\u00f3n para que t\u00fa no tengas que preocuparte. Te ofrecemos la oportunidad de realizar una revisi\u00f3n auditiva gratuita una vez al a\u00f1o con nuestro equipo especializado.","legalName":"Natanael Est\u00e9vez Fern\u00e1ndez","numberOfEmployees":{"@type":"QuantitativeValue","minValue":"1","maxValue":"10"}}]}},"_links":{"self":[{"href":"https:\/\/audiosanit.es\/en\/wp-json\/wp\/v2\/pages\/38188","targetHints":{"allow":["GET"]}}],"collection":[{"href":"https:\/\/audiosanit.es\/en\/wp-json\/wp\/v2\/pages"}],"about":[{"href":"https:\/\/audiosanit.es\/en\/wp-json\/wp\/v2\/types\/page"}],"author":[{"embeddable":true,"href":"https:\/\/audiosanit.es\/en\/wp-json\/wp\/v2\/users\/3"}],"replies":[{"embeddable":true,"href":"https:\/\/audiosanit.es\/en\/wp-json\/wp\/v2\/comments?post=38188"}],"version-history":[{"count":5,"href":"https:\/\/audiosanit.es\/en\/wp-json\/wp\/v2\/pages\/38188\/revisions"}],"predecessor-version":[{"id":38424,"href":"https:\/\/audiosanit.es\/en\/wp-json\/wp\/v2\/pages\/38188\/revisions\/38424"}],"wp:featuredmedia":[{"embeddable":true,"href":"https:\/\/audiosanit.es\/en\/wp-json\/wp\/v2\/media\/37536"}],"wp:attachment":[{"href":"https:\/\/audiosanit.es\/en\/wp-json\/wp\/v2\/media?parent=38188"}],"curies":[{"name":"wp","href":"https:\/\/api.w.org\/{rel}","templated":true}]}}